{"id":336,"date":"2016-01-03T10:17:28","date_gmt":"2016-01-03T09:17:28","guid":{"rendered":"https:\/\/ste-therese-doulon.fr\/?page_id=336"},"modified":"2022-10-22T11:33:42","modified_gmt":"2022-10-22T09:33:42","slug":"projet-dannee","status":"publish","type":"page","link":"https:\/\/ste-therese-doulon.fr\/?page_id=336","title":{"rendered":"Projet P\u00e9dagogique"},"content":{"rendered":"<p style=\"text-align: center;\"><strong>Projet p\u00e9dagogique&nbsp; <\/strong><strong>2018 \/ 2024<\/strong><\/p>\n<p style=\"text-align: center;\"><strong>\u00ab&nbsp;Bien vivre \u00e0 l\u2019\u00e9cole Sainte Th\u00e9r\u00e8se&nbsp;\u00bb<\/strong><\/p>\n<p style=\"text-align: left;\">Objectif : Favoriser le d\u00e9veloppement global de l\u2019enfant et am\u00e9liorer l&#8217;estime de soi.<\/p>\n<table style=\"width: 92.2148%; height: 265px;\">\n<tbody>\n<tr style=\"height: 56px;\">\n<td style=\"width: 159px; height: 56px;\">\n<p style=\"text-align: center;\"><strong>Ann\u00e9es<\/strong><\/p>\n<\/td>\n<td style=\"width: 180px; height: 56px;\">\n<p style=\"text-align: center;\"><strong>2018\/2019<\/strong><\/p>\n<\/td>\n<td style=\"width: 179px; height: 56px;\">\n<p style=\"text-align: center;\"><strong>2019\/2021<\/strong><\/p>\n<\/td>\n<td style=\"width: 199px; height: 56px;\">\n<p style=\"text-align: center;\"><strong>2021\/2023<\/strong><\/p>\n<\/td>\n<td style=\"width: 199px; height: 56px;\">\n<p style=\"text-align: center;\"><strong>2023\/2024<\/strong><\/p>\n<\/td>\n<\/tr>\n<tr style=\"height: 209px;\">\n<td style=\"width: 159px; height: 209px;\">\n<p style=\"text-align: center;\">Th\u00e8mes<\/p>\n<\/td>\n<td style=\"width: 180px; height: 209px;\">\n<p style=\"text-align: center;\"><strong>La multiplicit\u00e9<\/strong><\/p>\n<p>&nbsp;<\/p>\n<p>La diff\u00e9rence \/ la vari\u00e9t\u00e9 v\u00e9cues comme des richesses<\/td>\n<td style=\"width: 179px; height: 209px;\">\n<p style=\"text-align: center;\"><strong>Le r\u00f4le de chacun dans la communaut\u00e9 \u00e9ducative<\/strong><\/p>\n<p>Etre acteur de sa vie d\u2019\u00e9colier\/d\u00e9velopper et transmettre ses talents<\/td>\n<td style=\"width: 199px; height: 209px;\">\n<p style=\"text-align: center;\"><strong>Apprivoiser son environnement<\/strong><\/p>\n<p>Am\u00e9nager et organiser les nouveaux espaces<\/td>\n<td style=\"width: 199px; height: 209px;\">\n<p style=\"text-align: center;\"><strong>Le bien-\u00eatre aussi \u00e0 l\u2019\u00e9cole<\/strong><\/p>\n<p>Apprendre autrement, favoriser la bienveillance, l&#8217;\u00e9cole sans stress<\/td>\n<\/tr>\n<\/tbody>\n<\/table>\n","protected":false},"excerpt":{"rendered":"<p>Projet p\u00e9dagogique&nbsp; 2018 \/ 2024 \u00ab&nbsp;Bien vivre \u00e0 l\u2019\u00e9cole Sainte Th\u00e9r\u00e8se&nbsp;\u00bb Objectif : Favoriser le d\u00e9veloppement global de l\u2019enfant et am\u00e9liorer l&#8217;estime de soi. Ann\u00e9es 2018\/2019 2019\/2021 2021\/2023 2023\/2024 Th\u00e8mes La multiplicit\u00e9 &nbsp; La diff\u00e9rence \/ la vari\u00e9t\u00e9 v\u00e9cues comme des richesses Le r\u00f4le de chacun dans la communaut\u00e9 \u00e9ducative Etre acteur de sa vie<\/p>\n<p><a href=\"https:\/\/ste-therese-doulon.fr\/?page_id=336\" class=\"more-link themebutton\">Lire la suite<\/a><\/p>\n","protected":false},"author":1,"featured_media":0,"parent":0,"menu_order":0,"comment_status":"closed","ping_status":"closed","template":"","meta":{"ngg_post_thumbnail":0,"footnotes":""},"class_list":["post-336","page","type-page","status-publish","hentry"],"_links":{"self":[{"href":"https:\/\/ste-therese-doulon.fr\/index.php?rest_route=\/wp\/v2\/pages\/336","targetHints":{"allow":["GET"]}}],"collection":[{"href":"https:\/\/ste-therese-doulon.fr\/index.php?rest_route=\/wp\/v2\/pages"}],"about":[{"href":"https:\/\/ste-therese-doulon.fr\/index.php?rest_route=\/wp\/v2\/types\/page"}],"author":[{"embeddable":true,"href":"https:\/\/ste-therese-doulon.fr\/index.php?rest_route=\/wp\/v2\/users\/1"}],"replies":[{"embeddable":true,"href":"https:\/\/ste-therese-doulon.fr\/index.php?rest_route=%2Fwp%2Fv2%2Fcomments&post=336"}],"version-history":[{"count":6,"href":"https:\/\/ste-therese-doulon.fr\/index.php?rest_route=\/wp\/v2\/pages\/336\/revisions"}],"predecessor-version":[{"id":9466,"href":"https:\/\/ste-therese-doulon.fr\/index.php?rest_route=\/wp\/v2\/pages\/336\/revisions\/9466"}],"wp:attachment":[{"href":"https:\/\/ste-therese-doulon.fr\/index.php?rest_route=%2Fwp%2Fv2%2Fmedia&parent=336"}],"curies":[{"name":"wp","href":"https:\/\/api.w.org\/{rel}","templated":true}]}}