{"id":313,"date":"2015-12-24T17:04:04","date_gmt":"2015-12-24T16:04:04","guid":{"rendered":"https:\/\/ste-therese-doulon.fr\/?page_id=313"},"modified":"2015-12-24T17:16:47","modified_gmt":"2015-12-24T16:16:47","slug":"charte-de-la-cantine","status":"publish","type":"page","link":"https:\/\/ste-therese-doulon.fr\/?page_id=313","title":{"rendered":"Charte de la cantine"},"content":{"rendered":"\n<div class=\"gde-error\">GDE Erreur: Erreur lors de la r\u00e9cup\u00e9ration du fichier - si n\u00e9cessaire, arr\u00eatez la v\u00e9rification d'erreurs (404:Not Found)<\/div>\n\n","protected":false},"excerpt":{"rendered":"","protected":false},"author":1,"featured_media":0,"parent":0,"menu_order":0,"comment_status":"closed","ping_status":"closed","template":"","meta":{"ngg_post_thumbnail":0,"footnotes":""},"class_list":["post-313","page","type-page","status-publish","hentry"],"_links":{"self":[{"href":"https:\/\/ste-therese-doulon.fr\/index.php?rest_route=\/wp\/v2\/pages\/313","targetHints":{"allow":["GET"]}}],"collection":[{"href":"https:\/\/ste-therese-doulon.fr\/index.php?rest_route=\/wp\/v2\/pages"}],"about":[{"href":"https:\/\/ste-therese-doulon.fr\/index.php?rest_route=\/wp\/v2\/types\/page"}],"author":[{"embeddable":true,"href":"https:\/\/ste-therese-doulon.fr\/index.php?rest_route=\/wp\/v2\/users\/1"}],"replies":[{"embeddable":true,"href":"https:\/\/ste-therese-doulon.fr\/index.php?rest_route=%2Fwp%2Fv2%2Fcomments&post=313"}],"version-history":[{"count":0,"href":"https:\/\/ste-therese-doulon.fr\/index.php?rest_route=\/wp\/v2\/pages\/313\/revisions"}],"wp:attachment":[{"href":"https:\/\/ste-therese-doulon.fr\/index.php?rest_route=%2Fwp%2Fv2%2Fmedia&parent=313"}],"curies":[{"name":"wp","href":"https:\/\/api.w.org\/{rel}","templated":true}]}}